{"id":67,"date":"2014-10-15T20:10:30","date_gmt":"2014-10-15T18:10:30","guid":{"rendered":"http:\/\/buehne-weinburg.at\/?page_id=67"},"modified":"2014-10-27T21:18:55","modified_gmt":"2014-10-27T19:18:55","slug":"impressum","status":"publish","type":"page","link":"https:\/\/buehne-weinburg.at\/?page_id=67","title":{"rendered":"Impressum"},"content":{"rendered":"<p>Diese Seite dient zum Zweck der Information \u00fcber Kulturveranstaltungen der B\u00fchne-Weinburg am Sa\u00dfbach. F\u00fcr die Inhalte verantwortlich ist das Kulturteam Weinburg am Sa\u00dfbach. F\u00fcr verlinkte Inhalte auf externen Seiten kann keine Haftung \u00fcbernommen werden.<\/p>\n","protected":false},"excerpt":{"rendered":"<p>Diese Seite dient zum Zweck der Information \u00fcber Kulturveranstaltungen der B\u00fchne-Weinburg am Sa\u00dfbach. F\u00fcr die Inhalte verantwortlich ist das Kulturteam Weinburg am Sa\u00dfbach. F\u00fcr verlinkte Inhalte auf externen Seiten kann keine Haftung \u00fcbernommen werden.<\/p>\n","protected":false},"author":2,"featured_media":0,"parent":0,"menu_order":0,"comment_status":"closed","ping_status":"closed","template":"","meta":{"footnotes":""},"_links":{"self":[{"href":"https:\/\/buehne-weinburg.at\/index.php?rest_route=\/wp\/v2\/pages\/67"}],"collection":[{"href":"https:\/\/buehne-weinburg.at\/index.php?rest_route=\/wp\/v2\/pages"}],"about":[{"href":"https:\/\/buehne-weinburg.at\/index.php?rest_route=\/wp\/v2\/types\/page"}],"author":[{"embeddable":true,"href":"https:\/\/buehne-weinburg.at\/index.php?rest_route=\/wp\/v2\/users\/2"}],"replies":[{"embeddable":true,"href":"https:\/\/buehne-weinburg.at\/index.php?rest_route=%2Fwp%2Fv2%2Fcomments&post=67"}],"version-history":[{"count":1,"href":"https:\/\/buehne-weinburg.at\/index.php?rest_route=\/wp\/v2\/pages\/67\/revisions"}],"predecessor-version":[{"id":69,"href":"https:\/\/buehne-weinburg.at\/index.php?rest_route=\/wp\/v2\/pages\/67\/revisions\/69"}],"wp:attachment":[{"href":"https:\/\/buehne-weinburg.at\/index.php?rest_route=%2Fwp%2Fv2%2Fmedia&parent=67"}],"curies":[{"name":"wp","href":"https:\/\/api.w.org\/{rel}","templated":true}]}}